{"id":297,"date":"2021-02-28T11:36:54","date_gmt":"2021-02-28T10:36:54","guid":{"rendered":"https:\/\/frag.hr\/?page_id=297"},"modified":"2024-04-16T18:22:59","modified_gmt":"2024-04-16T16:22:59","slug":"tehnologija","status":"publish","type":"page","link":"https:\/\/frag.hr\/en\/tehnologija\/","title":{"rendered":"TEHNOLOGIJA"},"content":{"rendered":"<div class=\"brz-root__container brz-reset-all\">\n<section id=\"kndeoeimrrkrajmmjcoiesctivvptlcpxegr\" class=\"brz-section brz-css-h7ewr\">\n<div class=\"brz-section__content brz-section--boxed brz-css-u1dov brz-css-xIclg\" data-brz-custom-id=\"wgizmgjcvrpgykajgqznbigppoefiibzaqde\">\n<div class=\"brz-bg\">\n<div class=\"brz-bg-color\"><\/div>\n<\/div>\n<div class=\"brz-container brz-css-lbIZU\">\n<div class=\"brz-row__container brz-css-ohJOa brz-css-cdRJc\" data-brz-custom-id=\"jehrbdcilbjpzqqbkwmnvsiqldwohmcxmxkb\">\n<div class=\"brz-bg\">\n<div class=\"brz-bg-color\"><\/div>\n<\/div>\n<div class=\"brz-row brz-css-jadqm brz-css-eTWfq\">\n<div class=\"brz-columns brz-css-c4Tqx brz-css-g3K1A\" data-brz-custom-id=\"vjkoqyxkmepzmykbzzsfvaslmdlgttjfhcxc\">\n<div class=\"brz-bg\"><\/div>\n<div class=\"brz-column__items brz-css-cMD8R\">\n<div id class=\"brz-css-pEcOj brz-wrapper\">\n<div class=\"brz-rich-text brz-rich-text__custom brz-css-xNdeD\" data-brz-custom-id=\"fybthwsqzbkzecobnezceygpqlecmoywynbb\">\n<div data-brz-translate-text=\"1\">\n<p class=\"brz-tp-heading3 brz-text-lg-center brz-css-zToTh\"><span class=\"brz-cp-color2\">Sintetska lijepila<\/span><\/p>\n<\/div>\n<\/div>\n<\/div>\n<div id class=\"brz-css-pEcOj brz-css-u6klj brz-wrapper frag-overlay\">\n<div class=\"brz-image brz-css-jJCqG\" data-brz-custom-id=\"pekugoybvsxdivcovnzhlmajbhucqigyduah\"><img decoding=\"async\" class=\"brz-img\" src=\"https:\/\/i0.wp.com\/frag.hr\/wp-content\/uploads\/brizy\/imgs\/sintetic-342x227x0x0x342x227x1477913141.jpg?ssl=1\" alt=\"\" loading=\"lazy\" data-recalc-dims=\"1\"><\/div>\n<\/div>\n<div class=\"brz-wrapper-clone brz-css-eZ6Pp brz-css-vq_My\">\n<div class=\"brz-d-xs-flex brz-flex-xs-wrap brz-css-shrqy\" data-brz-custom-id>\n<div class=\"brz-wrapper-clone__item\" id=\"fcdckxjoxrcvzdiayvymzdpkzxefwnfqpkwz\"><a class=\"brz-a brz-btn brz-css-f4f_o brz-css-hejBA\" href=\"#sintetska\" target=\"_self\" rel=\"noopener\" data-brz-link-type=\"external\" data-brz-custom-id=\"fcdckxjoxrcvzdiayvymzdpkzxefwnfqpkwz\"><span data-brz-translate-text=\"1\" class=\"brz-span brz-text__editor\">VI\u0160E INFORMACIJA<\/span><\/a><\/div>\n<\/div>\n<\/div>\n<\/div>\n<\/div>\n<div class=\"brz-columns brz-css-c4Tqx brz-css-zKDrL\" data-brz-custom-id=\"jhjtjbqzoklitmfqurijltysrtmfvvmfxtjk\">\n<div class=\"brz-bg\"><\/div>\n<div class=\"brz-column__items brz-css-cMD8R\">\n<div id class=\"brz-css-pEcOj brz-wrapper\">\n<div class=\"brz-rich-text brz-rich-text__custom brz-css-xNdeD\" data-brz-custom-id=\"ptdjakxvrviivesmlsuzcaadoeiwrnntfqre\">\n<div data-brz-translate-text=\"1\">\n<p class=\"brz-tp-heading3 brz-text-lg-center brz-css-ivnmw\"><span class=\"brz-cp-color2\">Kazeinska ljepila<\/span><\/p>\n<\/div>\n<\/div>\n<\/div>\n<div id class=\"brz-css-pEcOj brz-css-kC7aG brz-wrapper frag-overlay\">\n<div class=\"brz-image brz-css-vc4EP\" data-brz-custom-id=\"yrbweytbgzchucelmittvdvwsngjcbkbqulh\"><img decoding=\"async\" class=\"brz-img\" src=\"https:\/\/i0.wp.com\/frag.hr\/wp-content\/uploads\/brizy\/imgs\/kazein-342x227x0x0x342x227x1490272811.jpg?ssl=1\" alt=\"\" loading=\"lazy\" data-recalc-dims=\"1\"><\/div>\n<\/div>\n<div class=\"brz-wrapper-clone brz-css-eZ6Pp brz-css-fGjeG\">\n<div class=\"brz-d-xs-flex brz-flex-xs-wrap brz-css-shrqy\" data-brz-custom-id>\n<div class=\"brz-wrapper-clone__item\" id=\"mrviuqebtddqycwpqlhajjmgvcqydhvksokr\"><a class=\"brz-a brz-btn brz-css-f4f_o brz-css-zCSM9\" href=\"#kazeinska\" target=\"_self\" rel=\"noopener\" data-brz-link-type=\"external\" data-brz-custom-id=\"mrviuqebtddqycwpqlhajjmgvcqydhvksokr\"><span data-brz-translate-text=\"1\" class=\"brz-span brz-text__editor\">VI\u0160E INFORMACIJA<\/span><\/a><\/div>\n<\/div>\n<\/div>\n<\/div>\n<\/div>\n<div class=\"brz-columns brz-css-c4Tqx brz-css-kTTQ6\" data-brz-custom-id=\"gqpizdkbkkzkwwutlpkdkhlyoqftpekrsvsl\">\n<div class=\"brz-bg\"><\/div>\n<div class=\"brz-column__items brz-css-cMD8R\">\n<div id class=\"brz-css-pEcOj brz-wrapper\">\n<div class=\"brz-rich-text brz-rich-text__custom brz-css-xNdeD\" data-brz-custom-id=\"fxyiuxwlqwfwxhkctoydxgthdustdbqnebei\">\n<div data-brz-translate-text=\"1\">\n<p class=\"brz-text-lg-center brz-tp-heading3 brz-css-oCz10\"><span class=\"brz-cp-color2\">Termotaljiva ljepila<\/span><\/p>\n<\/div>\n<\/div>\n<\/div>\n<div id class=\"brz-css-pEcOj brz-css-vtqfT brz-wrapper frag-overlay\">\n<div class=\"brz-image brz-css-uRw8F\" data-brz-custom-id=\"yxdijmogjnvbpeflblsskwzsplhsdclqsrah\"><img decoding=\"async\" class=\"brz-img\" src=\"https:\/\/i0.wp.com\/frag.hr\/wp-content\/uploads\/brizy\/imgs\/melt-343x228x0x0x343x228x1478213707.jpg?ssl=1\" alt=\"\" loading=\"lazy\" data-recalc-dims=\"1\"><\/div>\n<\/div>\n<div class=\"brz-wrapper-clone brz-css-eZ6Pp brz-css-hksvp\">\n<div class=\"brz-d-xs-flex brz-flex-xs-wrap brz-css-shrqy\" data-brz-custom-id>\n<div class=\"brz-wrapper-clone__item\" id=\"wfgxgubjygmsdrqljbctoadbikpwjgebbopk\"><a class=\"brz-a brz-btn brz-css-f4f_o brz-css-dGFlz\" href=\"#termotaljiva\" target=\"_self\" rel=\"noopener\" data-brz-link-type=\"external\" data-brz-custom-id=\"wfgxgubjygmsdrqljbctoadbikpwjgebbopk\"><span data-brz-translate-text=\"1\" class=\"brz-span brz-text__editor\">VI\u0160E INFORMACIJA<\/span><\/a><\/div>\n<\/div>\n<\/div>\n<\/div>\n<\/div>\n<\/div>\n<\/div>\n<\/div>\n<\/div>\n<\/section>\n<section id=\"hazilzkptgegdxnbskxggjbokxqxlgsvgrnf\" class=\"brz-section brz-css-h7ewr\">\n<div class=\"brz-section__content brz-section--boxed brz-css-u1dov brz-css-f36oK\" data-brz-custom-id=\"jqleyxdcfhwamcgdhccjexhgdojpituwkrmk\">\n<div class=\"brz-bg\">\n<div class=\"brz-bg-color\"><\/div>\n<\/div>\n<div class=\"brz-container brz-css-lbIZU brz-css-kZLGf\">\n<div data-brz-iteration-count=\"1\" class=\"brz-wrapper-clone brz-css-eZ6Pp brz-css-hISwP brz-animated brz-css-jN4Fn brz-css-afgHy\" data-animationid=\"fmgntrizchhjhtjdblnwsubjiaieompprufe\">\n<div class=\"brz-d-xs-flex brz-flex-xs-wrap brz-css-shrqy brz-css-xVBPs\" data-brz-custom-id>\n<div class=\"brz-wrapper-clone__item\" id=\"iquoelbawsxtlvwqxsqrproothbcfmventkg\">\n<div class=\"brz-icon__container\" data-brz-custom-id=\"iquoelbawsxtlvwqxsqrproothbcfmventkg\"><span class=\"brz-icon brz-span brz-css-mwL4x brz-css-d2Vhh\"><\/span><\/div>\n<\/div>\n<\/div>\n<\/div>\n<div id=\"sintetska\" class=\"brz-css-pEcOj brz-wrapper\">\n<div class=\"brz-rich-text brz-rich-text__custom brz-css-xNdeD\" data-brz-custom-id=\"rzjppnjaaisfkjgszrbyfwotellmubettins\">\n<div data-brz-translate-text=\"1\">\n<p class=\"brz-tp-heading2 brz-css-h0gQq\"><span class=\"brz-cp-color1\">Sintetska lijepila<\/span><\/p>\n<\/div>\n<\/div>\n<\/div>\n<div id class=\"brz-css-pEcOj brz-wrapper\">\n<div class=\"brz-rich-text brz-rich-text__custom brz-css-xNdeD\" data-brz-custom-id=\"yezzyksavajbvxgoghkbfgqafinfuuogoryi\">\n<div data-brz-translate-text=\"1\">\n<p class=\"brz-tp-paragraph brz-css-cmGYx\"><span class=\"brz-cp-color1\">Lorem ipsum dolor sit amet, consectetur adipiscing elit, sed do eiusmod tempor incididunt ut labore et dolore magna aliqua. Tincidunt tortor aliquam nulla facilisi cras fermentum. Malesuada fames ac turpis egestas integer eget aliquet nibh praesent. Nec ultrices dui sapien eget mi proin sed. Eget dolor morbi non arcu risus quis varius. Volutpat diam ut venenatis tellus. Quis commodo odio aenean sed adipiscing. Sociis natoque penatibus et magnis dis parturient montes nascetur ridiculus. In nibh mauris cursus mattis molestie a iaculis at erat. Egestas dui id ornare arcu odio. Dignissim diam quis enim lobortis scelerisque fermentum. Praesent semper feugiat nibh sed pulvinar proin gravida hendrerit lectus. Diam sit amet nisl suscipit adipiscing bibendum. Facilisis magna etiam tempor orci eu lobortis elementum. Donec adipiscing tristique risus nec feugiat in fermentum posuere. Auctor elit sed vulputate mi sit amet. Sed lectus vestibulum mattis ullamcorper velit sed ullamcorper morbi tincidunt. Varius sit amet mattis vulputate. Maecenas volutpat blandit aliquam etiam erat velit scelerisque.<\/span><\/p>\n<\/div>\n<\/div>\n<\/div>\n<div id class=\"brz-css-pEcOj brz-css-e2RvI brz-wrapper\">\n<div class=\"brz-spacer brz-css-ylc_1 brz-css-e7vDf\"><\/div>\n<\/div>\n<div data-brz-iteration-count=\"1\" class=\"brz-wrapper-clone brz-css-eZ6Pp brz-css-djIOH brz-animated brz-css-jN4Fn brz-css-psm4j\" data-animationid=\"qiqizhkrikupatojdkkuultyaadmudhxdche\">\n<div class=\"brz-d-xs-flex brz-flex-xs-wrap brz-css-shrqy brz-css-u7EQA\" data-brz-custom-id>\n<div class=\"brz-wrapper-clone__item\" id=\"bejxuzsznagwbpdvgkwebhllvzhalstdxjdt\">\n<div class=\"brz-icon__container\" data-brz-custom-id=\"bejxuzsznagwbpdvgkwebhllvzhalstdxjdt\"><span class=\"brz-icon brz-span brz-css-mwL4x brz-css-lj1gi\"><\/span><\/div>\n<\/div>\n<\/div>\n<\/div>\n<div id=\"kazeinska\" class=\"brz-css-pEcOj brz-wrapper\">\n<div class=\"brz-rich-text brz-rich-text__custom brz-css-xNdeD\" data-brz-custom-id=\"kjftpjjosyhcgkpaqvwqnuxwtexhkizwqlmg\">\n<div data-brz-translate-text=\"1\">\n<p class=\"brz-tp-heading2 brz-css-kOKtn\"><span class=\"brz-cp-color8\">Kazeinska ljepila<\/span><\/p>\n<\/div>\n<\/div>\n<\/div>\n<div id class=\"brz-css-pEcOj brz-wrapper\">\n<div class=\"brz-rich-text brz-rich-text__custom brz-css-xNdeD\" data-brz-custom-id=\"ptjipafxnwxdjulmydluvxsxkratltkfjgop\">\n<div data-brz-translate-text=\"1\">\n<p class=\"brz-tp-paragraph brz-css-q_TU8\"><span class=\"brz-cp-color8\">Lorem ipsum dolor sit amet, consectetur adipiscing elit, sed do eiusmod tempor incididunt ut labore et dolore magna aliqua. Tincidunt tortor aliquam nulla facilisi cras fermentum. Malesuada fames ac turpis egestas integer eget aliquet nibh praesent. Nec ultrices dui sapien eget mi proin sed. Eget dolor morbi non arcu risus quis varius. Volutpat diam ut venenatis tellus. Quis commodo odio aenean sed adipiscing. Sociis natoque penatibus et magnis dis parturient montes nascetur ridiculus. In nibh mauris cursus mattis molestie a iaculis at erat. Egestas dui id ornare arcu odio. Dignissim diam quis enim lobortis scelerisque fermentum. Praesent semper feugiat nibh sed pulvinar proin gravida hendrerit lectus. Diam sit amet nisl suscipit adipiscing bibendum. Facilisis magna etiam tempor orci eu lobortis elementum. Donec adipiscing tristique risus nec feugiat in fermentum posuere. Auctor elit sed vulputate mi sit amet. Sed lectus vestibulum mattis ullamcorper velit sed ullamcorper morbi tincidunt. Varius sit amet mattis vulputate. Maecenas volutpat blandit aliquam etiam erat velit scelerisque.<\/span><\/p>\n<\/div>\n<\/div>\n<\/div>\n<div id class=\"brz-css-pEcOj brz-css-e2RvI brz-wrapper\">\n<div class=\"brz-spacer brz-css-ylc_1 brz-css-z4iDU\"><\/div>\n<\/div>\n<div data-brz-iteration-count=\"1\" class=\"brz-wrapper-clone brz-css-eZ6Pp brz-css-d23GI brz-animated brz-css-jN4Fn brz-css-sVrCf\" data-animationid=\"kgytgnumrubrazpvjbjvirxrgruxdrswrpbv\">\n<div class=\"brz-d-xs-flex brz-flex-xs-wrap brz-css-shrqy brz-css-dc961\" data-brz-custom-id>\n<div class=\"brz-wrapper-clone__item\" id=\"ynzyhqbzqefyhinnssfaignxllylbktzxrmg\">\n<div class=\"brz-icon__container\" data-brz-custom-id=\"ynzyhqbzqefyhinnssfaignxllylbktzxrmg\"><span class=\"brz-icon brz-span brz-css-mwL4x brz-css-sMkak\"><\/span><\/div>\n<\/div>\n<\/div>\n<\/div>\n<div id=\"termotaljiva\" class=\"brz-css-pEcOj brz-wrapper\">\n<div class=\"brz-rich-text brz-rich-text__custom brz-css-xNdeD\" data-brz-custom-id=\"spiinoquqffxwqluhayktvijrititrcljrrv\">\n<div data-brz-translate-text=\"1\">\n<p class=\"brz-tp-heading2 brz-css-ddF5Z\"><span class=\"brz-cp-color5\">Termotaljiva ljepila<\/span><\/p>\n<\/div>\n<\/div>\n<\/div>\n<div id class=\"brz-css-pEcOj brz-wrapper\">\n<div class=\"brz-rich-text brz-rich-text__custom brz-css-xNdeD\" data-brz-custom-id=\"clwwvlhnkarctuenepgyhkimeewpezmithqf\">\n<div data-brz-translate-text=\"1\">\n<p class=\"brz-tp-paragraph brz-css-i8C26\"><span class=\"brz-cp-color5\">Lorem ipsum dolor sit amet, consectetur adipiscing elit, sed do eiusmod tempor incididunt ut labore et dolore magna aliqua. Tincidunt tortor aliquam nulla facilisi cras fermentum. Malesuada fames ac turpis egestas integer eget aliquet nibh praesent. Nec ultrices dui sapien eget mi proin sed. Eget dolor morbi non arcu risus quis varius. Volutpat diam ut venenatis tellus. Quis commodo odio aenean sed adipiscing. Sociis natoque penatibus et magnis dis parturient montes nascetur ridiculus. In nibh mauris cursus mattis molestie a iaculis at erat. Egestas dui id ornare arcu odio. Dignissim diam quis enim lobortis scelerisque fermentum. Praesent semper feugiat nibh sed pulvinar proin gravida hendrerit lectus. Diam sit amet nisl suscipit adipiscing bibendum. Facilisis magna etiam tempor orci eu lobortis elementum. Donec adipiscing tristique risus nec feugiat in fermentum posuere. Auctor elit sed vulputate mi sit amet. Sed lectus vestibulum mattis ullamcorper velit sed ullamcorper morbi tincidunt. Varius sit amet mattis vulputate. Maecenas volutpat blandit aliquam etiam erat velit scelerisque.<\/span><\/p>\n<\/div>\n<\/div>\n<\/div>\n<\/div>\n<\/div>\n<\/section>\n<section id=\"lyhzixhwkeglmxnwmooyminzakokisrihxun\" class=\"brz-section brz-css-h7ewr\">\n<div class=\"brz-section__content brz-section--boxed brz-css-u1dov brz-css-fR4aJ\" data-brz-custom-id=\"owomdanswognfsbocnwpqtzguyxqlvgcbjqq\">\n<div class=\"brz-bg\">\n<div class=\"brz-bg-color\"><\/div>\n<\/div>\n<div class=\"brz-container brz-css-lbIZU\"><\/div>\n<\/div>\n<\/section>\n<section id=\"vgfjylxbrgtubjanhupdwspdplrvsyfywbco\" class=\"brz-section brz-css-h7ewr\">\n<div class=\"brz-section__content brz-section--boxed brz-css-u1dov brz-css-b30C3\" data-brz-custom-id=\"uehxazaaihghomowwupkoemkzunlwlszjxry\">\n<div class=\"brz-bg\">\n<div class=\"brz-bg-color\"><\/div>\n<\/div>\n<div class=\"brz-container brz-css-lbIZU\">\n<div class=\"brz-row__container brz-css-ohJOa\" data-brz-custom-id=\"iquipznzfhplkhemjlrcrzjnzdvnsrlhubqs\">\n<div class=\"brz-bg\"><\/div>\n<div class=\"brz-row brz-css-jadqm brz-css-gkIjb\">\n<div class=\"brz-columns brz-css-c4Tqx brz-css-dcETP\" data-brz-custom-id=\"hzjmjotgpxpoznrpucwgpozkhhqnpunbzeai\">\n<div class=\"brz-bg\"><\/div>\n<div class=\"brz-column__items brz-css-cMD8R\">\n<div id class=\"brz-css-pEcOj brz-css-wbQMy brz-wrapper\">\n<div class=\"brz-rich-text brz-rich-text__custom brz-css-xNdeD\" data-brz-custom-id=\"uhpvreimdxreutoutfcrqnkpwbevlmgvzbfl\">\n<div data-brz-translate-text=\"1\">\n<p class=\"brz-fw-xs-im-300 brz-fw-sm-im-300 brz-fw-lg-300 brz-ft-google brz-ff-cabin brz-ls-xs-im-0 brz-ls-sm-im-0 brz-ls-lg-0 brz-fs-xs-im-11 brz-fs-sm-im-11 brz-fs-lg-12 brz-lh-xs-im-1_6 brz-lh-sm-im-1_6 brz-lh-lg-1_6 brz-mb-lg-0 brz-text-lg-center brz-css-us4jy\"><span class=\"brz-cp-color3\">Projekt je sufinanancirala Europska unija iz programa Pobolj\u0161anje konkurentnosti i u\u010dinkovitosti MSP kroz informacijske i komunikacijske tehnologije (IKT) \u2013 2:&nbsp;<\/span><strong class=\"brz-cp-color3\">KK.03.2.1.19<\/strong><\/p>\n<\/div>\n<\/div>\n<\/div>\n<div id class=\"brz-css-pEcOj brz-wrapper\">\n<div class=\"brz-image brz-css-j5jLr brz-css-uZSTw\" data-brz-custom-id=\"jdohvkmqwcfbuunughgnrnzpceecjlggufux\"><img decoding=\"async\" class=\"brz-img\" src=\"https:\/\/i0.wp.com\/frag.hr\/wp-content\/uploads\/brizy\/imgs\/eu-fondovi-horiz-500x62x0x0x500x62x1615202189.png?ssl=1\" alt=\"\" loading=\"lazy\" data-recalc-dims=\"1\"><\/div>\n<\/div>\n<\/div>\n<\/div>\n<\/div>\n<\/div>\n<\/div>\n<\/div>\n<\/section>\n<\/div>\n<p>    <!-- version:1713284579 --><\/p>","protected":false},"excerpt":{"rendered":"<p>Sintetska lijepila VI\u0160E INFORMACIJA Kazeinska ljepila VI\u0160E INFORMACIJA Termotaljiva ljepila VI\u0160E INFORMACIJA Sintetska lijepila Lorem ipsum dolor sit amet, consectetur adipiscing elit, sed do eiusmod tempor incididunt ut labore et dolore magna aliqua. Tincidunt tortor aliquam nulla facilisi cras fermentum. Malesuada fames ac turpis egestas integer eget aliquet nibh praesent. Nec ultrices dui sapien eget [&hellip;]<\/p>","protected":false},"author":1,"featured_media":0,"parent":0,"menu_order":0,"comment_status":"closed","ping_status":"closed","template":"","meta":{"_monsterinsights_skip_tracking":false,"_monsterinsights_sitenote_active":false,"_monsterinsights_sitenote_note":"","_monsterinsights_sitenote_category":0,"site-sidebar-layout":"default","site-content-layout":"default","ast-site-content-layout":"","site-content-style":"default","site-sidebar-style":"default","ast-global-header-display":"","ast-banner-title-visibility":"","ast-main-header-display":"","ast-hfb-above-header-display":"","ast-hfb-below-header-display":"","ast-hfb-mobile-header-display":"","site-post-title":"disabled","ast-breadcrumbs-content":"","ast-featured-img":"","footer-sml-layout":"","theme-transparent-header-meta":"default","adv-header-id-meta":"","stick-header-meta":"","header-above-stick-meta":"","header-main-stick-meta":"","header-below-stick-meta":"","astra-migrate-meta-layouts":"default","ast-page-background-enabled":"default","ast-page-background-meta":{"desktop":{"background-color":"","background-image":"","background-repeat":"repeat","background-position":"center center","background-size":"auto","background-attachment":"scroll","background-type":"","background-media":"","overlay-type":"","overlay-color":"","overlay-gradient":""},"tablet":{"background-color":"","background-image":"","background-repeat":"repeat","background-position":"center center","background-size":"auto","background-attachment":"scroll","background-type":"","background-media":"","overlay-type":"","overlay-color":"","overlay-gradient":""},"mobile":{"background-color":"","background-image":"","background-repeat":"repeat","background-position":"center center","background-size":"auto","background-attachment":"scroll","background-type":"","background-media":"","overlay-type":"","overlay-color":"","overlay-gradient":""}},"ast-content-background-meta":{"desktop":{"background-color":"var(--ast-global-color-5)","background-image":"","background-repeat":"repeat","background-position":"center center","background-size":"auto","background-attachment":"scroll","background-type":"","background-media":"","overlay-type":"","overlay-color":"","overlay-gradient":""},"tablet":{"background-color":"var(--ast-global-color-5)","background-image":"","background-repeat":"repeat","background-position":"center center","background-size":"auto","background-attachment":"scroll","background-type":"","background-media":"","overlay-type":"","overlay-color":"","overlay-gradient":""},"mobile":{"background-color":"var(--ast-global-color-5)","background-image":"","background-repeat":"repeat","background-position":"center center","background-size":"auto","background-attachment":"scroll","background-type":"","background-media":"","overlay-type":"","overlay-color":"","overlay-gradient":""}},"footnotes":""},"yoast_head":"<!-- This site is optimized with the Yoast SEO plugin v22.5 - https:\/\/yoast.com\/wordpress\/plugins\/seo\/ -->\n<title>TEHNOLOGIJA - Frag<\/title>\n<meta name=\"robots\" content=\"index, follow, max-snippet:-1, max-image-preview:large, max-video-preview:-1\" \/>\n<link rel=\"canonical\" href=\"https:\/\/frag.hr\/en\/tehnologija\/\" \/>\n<meta property=\"og:locale\" content=\"en_GB\" \/>\n<meta property=\"og:type\" content=\"article\" \/>\n<meta property=\"og:title\" content=\"TEHNOLOGIJA - Frag\" \/>\n<meta property=\"og:description\" content=\"Sintetska lijepila VI\u0160E INFORMACIJA Kazeinska ljepila VI\u0160E INFORMACIJA Termotaljiva ljepila VI\u0160E INFORMACIJA Sintetska lijepila Lorem ipsum dolor sit amet, consectetur adipiscing elit, sed do eiusmod tempor incididunt ut labore et dolore magna aliqua. Tincidunt tortor aliquam nulla facilisi cras fermentum. Malesuada fames ac turpis egestas integer eget aliquet nibh praesent. Nec ultrices dui sapien eget [&hellip;]\" \/>\n<meta property=\"og:url\" content=\"https:\/\/frag.hr\/en\/tehnologija\/\" \/>\n<meta property=\"og:site_name\" content=\"Frag\" \/>\n<meta property=\"article:modified_time\" content=\"2024-04-16T16:22:59+00:00\" \/>\n<meta property=\"og:image\" content=\"https:\/\/frag.hr\/wp-content\/uploads\/brizy\/imgs\/sintetic-342x227x0x0x342x227x1477913141.jpg\" \/>\n<meta name=\"twitter:card\" content=\"summary_large_image\" \/>\n<meta name=\"twitter:label1\" content=\"Estimated reading time\" \/>\n\t<meta name=\"twitter:data1\" content=\"3 minutes\" \/>\n<script type=\"application\/ld+json\" class=\"yoast-schema-graph\">{\"@context\":\"https:\/\/schema.org\",\"@graph\":[{\"@type\":\"WebPage\",\"@id\":\"https:\/\/frag.hr\/tehnologija\/\",\"url\":\"https:\/\/frag.hr\/tehnologija\/\",\"name\":\"TEHNOLOGIJA - Frag\",\"isPartOf\":{\"@id\":\"https:\/\/frag.hr\/#website\"},\"primaryImageOfPage\":{\"@id\":\"https:\/\/frag.hr\/tehnologija\/#primaryimage\"},\"image\":{\"@id\":\"https:\/\/frag.hr\/tehnologija\/#primaryimage\"},\"thumbnailUrl\":\"https:\/\/frag.hr\/wp-content\/uploads\/brizy\/imgs\/sintetic-342x227x0x0x342x227x1477913141.jpg\",\"datePublished\":\"2021-02-28T10:36:54+00:00\",\"dateModified\":\"2024-04-16T16:22:59+00:00\",\"breadcrumb\":{\"@id\":\"https:\/\/frag.hr\/tehnologija\/#breadcrumb\"},\"inLanguage\":\"en-GB\",\"potentialAction\":[{\"@type\":\"ReadAction\",\"target\":[\"https:\/\/frag.hr\/tehnologija\/\"]}]},{\"@type\":\"ImageObject\",\"inLanguage\":\"en-GB\",\"@id\":\"https:\/\/frag.hr\/tehnologija\/#primaryimage\",\"url\":\"https:\/\/frag.hr\/wp-content\/uploads\/brizy\/imgs\/sintetic-342x227x0x0x342x227x1477913141.jpg\",\"contentUrl\":\"https:\/\/frag.hr\/wp-content\/uploads\/brizy\/imgs\/sintetic-342x227x0x0x342x227x1477913141.jpg\"},{\"@type\":\"BreadcrumbList\",\"@id\":\"https:\/\/frag.hr\/tehnologija\/#breadcrumb\",\"itemListElement\":[{\"@type\":\"ListItem\",\"position\":1,\"name\":\"Po\u010detna stranica\",\"item\":\"https:\/\/frag.hr\/\"},{\"@type\":\"ListItem\",\"position\":2,\"name\":\"TEHNOLOGIJA\"}]},{\"@type\":\"WebSite\",\"@id\":\"https:\/\/frag.hr\/#website\",\"url\":\"https:\/\/frag.hr\/\",\"name\":\"Frag\",\"description\":\"Stick together\",\"publisher\":{\"@id\":\"https:\/\/frag.hr\/#organization\"},\"potentialAction\":[{\"@type\":\"SearchAction\",\"target\":{\"@type\":\"EntryPoint\",\"urlTemplate\":\"https:\/\/frag.hr\/?s={search_term_string}\"},\"query-input\":\"required name=search_term_string\"}],\"inLanguage\":\"en-GB\"},{\"@type\":\"Organization\",\"@id\":\"https:\/\/frag.hr\/#organization\",\"name\":\"Frag\",\"url\":\"https:\/\/frag.hr\/\",\"logo\":{\"@type\":\"ImageObject\",\"inLanguage\":\"en-GB\",\"@id\":\"https:\/\/frag.hr\/#\/schema\/logo\/image\/\",\"url\":\"https:\/\/frag.hr\/wp-content\/uploads\/frag-en.png\",\"contentUrl\":\"https:\/\/frag.hr\/wp-content\/uploads\/frag-en.png\",\"width\":311,\"height\":80,\"caption\":\"Frag\"},\"image\":{\"@id\":\"https:\/\/frag.hr\/#\/schema\/logo\/image\/\"}}]}<\/script>\n<!-- \/ Yoast SEO plugin. -->","yoast_head_json":{"title":"TEHNOLOGIJA - Frag","robots":{"index":"index","follow":"follow","max-snippet":"max-snippet:-1","max-image-preview":"max-image-preview:large","max-video-preview":"max-video-preview:-1"},"canonical":"https:\/\/frag.hr\/en\/tehnologija\/","og_locale":"en_GB","og_type":"article","og_title":"TEHNOLOGIJA - Frag","og_description":"Sintetska lijepila VI\u0160E INFORMACIJA Kazeinska ljepila VI\u0160E INFORMACIJA Termotaljiva ljepila VI\u0160E INFORMACIJA Sintetska lijepila Lorem ipsum dolor sit amet, consectetur adipiscing elit, sed do eiusmod tempor incididunt ut labore et dolore magna aliqua. Tincidunt tortor aliquam nulla facilisi cras fermentum. Malesuada fames ac turpis egestas integer eget aliquet nibh praesent. Nec ultrices dui sapien eget [&hellip;]","og_url":"https:\/\/frag.hr\/en\/tehnologija\/","og_site_name":"Frag","article_modified_time":"2024-04-16T16:22:59+00:00","og_image":[{"url":"https:\/\/frag.hr\/wp-content\/uploads\/brizy\/imgs\/sintetic-342x227x0x0x342x227x1477913141.jpg"}],"twitter_card":"summary_large_image","twitter_misc":{"Estimated reading time":"3 minutes"},"schema":{"@context":"https:\/\/schema.org","@graph":[{"@type":"WebPage","@id":"https:\/\/frag.hr\/tehnologija\/","url":"https:\/\/frag.hr\/tehnologija\/","name":"TEHNOLOGIJA - Frag","isPartOf":{"@id":"https:\/\/frag.hr\/#website"},"primaryImageOfPage":{"@id":"https:\/\/frag.hr\/tehnologija\/#primaryimage"},"image":{"@id":"https:\/\/frag.hr\/tehnologija\/#primaryimage"},"thumbnailUrl":"https:\/\/frag.hr\/wp-content\/uploads\/brizy\/imgs\/sintetic-342x227x0x0x342x227x1477913141.jpg","datePublished":"2021-02-28T10:36:54+00:00","dateModified":"2024-04-16T16:22:59+00:00","breadcrumb":{"@id":"https:\/\/frag.hr\/tehnologija\/#breadcrumb"},"inLanguage":"en-GB","potentialAction":[{"@type":"ReadAction","target":["https:\/\/frag.hr\/tehnologija\/"]}]},{"@type":"ImageObject","inLanguage":"en-GB","@id":"https:\/\/frag.hr\/tehnologija\/#primaryimage","url":"https:\/\/frag.hr\/wp-content\/uploads\/brizy\/imgs\/sintetic-342x227x0x0x342x227x1477913141.jpg","contentUrl":"https:\/\/frag.hr\/wp-content\/uploads\/brizy\/imgs\/sintetic-342x227x0x0x342x227x1477913141.jpg"},{"@type":"BreadcrumbList","@id":"https:\/\/frag.hr\/tehnologija\/#breadcrumb","itemListElement":[{"@type":"ListItem","position":1,"name":"Po\u010detna stranica","item":"https:\/\/frag.hr\/"},{"@type":"ListItem","position":2,"name":"TEHNOLOGIJA"}]},{"@type":"WebSite","@id":"https:\/\/frag.hr\/#website","url":"https:\/\/frag.hr\/","name":"Frag","description":"Stick together","publisher":{"@id":"https:\/\/frag.hr\/#organization"},"potentialAction":[{"@type":"SearchAction","target":{"@type":"EntryPoint","urlTemplate":"https:\/\/frag.hr\/?s={search_term_string}"},"query-input":"required name=search_term_string"}],"inLanguage":"en-GB"},{"@type":"Organization","@id":"https:\/\/frag.hr\/#organization","name":"Frag","url":"https:\/\/frag.hr\/","logo":{"@type":"ImageObject","inLanguage":"en-GB","@id":"https:\/\/frag.hr\/#\/schema\/logo\/image\/","url":"https:\/\/frag.hr\/wp-content\/uploads\/frag-en.png","contentUrl":"https:\/\/frag.hr\/wp-content\/uploads\/frag-en.png","width":311,"height":80,"caption":"Frag"},"image":{"@id":"https:\/\/frag.hr\/#\/schema\/logo\/image\/"}}]}},"jetpack_sharing_enabled":true,"_links":{"self":[{"href":"https:\/\/frag.hr\/en\/wp-json\/wp\/v2\/pages\/297"}],"collection":[{"href":"https:\/\/frag.hr\/en\/wp-json\/wp\/v2\/pages"}],"about":[{"href":"https:\/\/frag.hr\/en\/wp-json\/wp\/v2\/types\/page"}],"author":[{"embeddable":true,"href":"https:\/\/frag.hr\/en\/wp-json\/wp\/v2\/users\/1"}],"replies":[{"embeddable":true,"href":"https:\/\/frag.hr\/en\/wp-json\/wp\/v2\/comments?post=297"}],"version-history":[{"count":30,"href":"https:\/\/frag.hr\/en\/wp-json\/wp\/v2\/pages\/297\/revisions"}],"predecessor-version":[{"id":2260,"href":"https:\/\/frag.hr\/en\/wp-json\/wp\/v2\/pages\/297\/revisions\/2260"}],"wp:attachment":[{"href":"https:\/\/frag.hr\/en\/wp-json\/wp\/v2\/media?parent=297"}],"curies":[{"name":"wp","href":"https:\/\/api.w.org\/{rel}","templated":true}]}}