{"id":299,"date":"2021-02-28T11:37:24","date_gmt":"2021-02-28T10:37:24","guid":{"rendered":"https:\/\/frag.hr\/?page_id=299"},"modified":"2024-04-16T18:23:44","modified_gmt":"2024-04-16T16:23:44","slug":"primjene","status":"publish","type":"page","link":"https:\/\/frag.hr\/en\/primjene\/","title":{"rendered":"PRIMJENE"},"content":{"rendered":"<div class=\"brz-root__container brz-reset-all\">\n<section id=\"rjnlmzvcaizspwbqmwclzjwstlodnfqurkze\" class=\"brz-section brz-css-t9E1L\">\n<div class=\"brz-section__content brz-section--boxed brz-css-jFvvq brz-css-m80BJ\" data-brz-custom-id=\"wczokouabwnkisxwbjmvkrnorkmmcdqvtrah\">\n<div class=\"brz-bg\">\n<div class=\"brz-bg-color\"><\/div>\n<\/div>\n<div class=\"brz-container brz-css-zWw8a\">\n<div id class=\"brz-css-r_R2s brz-css-ne6TE brz-wrapper\">\n<div class=\"brz-rich-text brz-rich-text__custom brz-css-eECI5\" data-brz-custom-id=\"zurgbtkcoxwypoqbrylfxdoqffhzeuqbksid\">\n<div data-brz-translate-text=\"1\">\n<p class=\"brz-text-lg-center brz-tp-heading4 brz-css-dWIgm\"><span class=\"brz-cp-color1\">Frag d.o.o nudi kompletan asortiman ljepila za sve industrijske potrebe,<\/span><\/p>\n<p class=\"brz-tp-heading4 brz-text-lg-center brz-css-hrJn1\"><span class=\"brz-cp-color1\"> prije svega u industriji hrane i pi\u0107a te za pakiranje i primjenu u gra\u0111evini.<\/span><\/p>\n<\/div>\n<\/div>\n<\/div>\n<div id class=\"brz-css-r_R2s brz-css-wWHMl brz-wrapper\">\n<div class=\"brz-spacer brz-css-l1qtl brz-css-u7GgS\"><\/div>\n<\/div>\n<div id class=\"brz-css-r_R2s brz-wrapper\">\n<div class=\"brz-rich-text brz-rich-text__custom brz-css-eECI5\" data-brz-custom-id=\"acijubfdygkphmlknwzlghlbsrlblehrlgsz\">\n<div data-brz-translate-text=\"1\">\n<p class=\"brz-text-lg-center brz-mb-lg-22 brz-ls-lg-3 brz-ls-sm-im-3 brz-ls-xs-im-3 brz-ff-cabin brz-ft-google brz-fw-lg-700 brz-fw-sm-im-700 brz-fw-xs-im-700 brz-lh-lg-1 brz-lh-sm-im-1 brz-lh-xs-im-1 brz-fs-lg-44 brz-fs-sm-im-37 brz-fs-xs-im-31 brz-css-t2bjm\"><span class=\"brz-cp-color1\">LJEPILA ZA ETIKETIRANJE<\/span><\/p>\n<\/div>\n<\/div>\n<\/div>\n<div class=\"brz-row__container brz-css-dcLNp brz-css-hj0z4\" data-brz-custom-id=\"fjyrjflpsbllmdhsppbpadfweepkvrwfvdaf\">\n<div class=\"brz-bg\">\n<div class=\"brz-bg-color\"><\/div>\n<\/div>\n<div class=\"brz-row brz-css-iouSQ brz-css-qCtVE\">\n<div class=\"brz-columns brz-css-sqsyN brz-css-euxdc\" data-brz-custom-id=\"dqyxderawkkihxilawwdzoqxgjeusgumuaxv\">\n<div class=\"brz-bg\"><\/div>\n<div class=\"brz-column__items brz-css-beWtT\">\n<div id class=\"brz-css-r_R2s brz-wrapper\">\n<div class=\"brz-rich-text brz-rich-text__custom brz-css-eECI5\" data-brz-custom-id=\"sdwsnygciycgsdelvjvezlwjfbuwupmsvifb\">\n<div data-brz-translate-text=\"1\">\n<p class=\"brz-text-lg-center brz-tp-heading4 brz-css-wDDJy\"><span class=\"brz-cp-color5\">staklena ambala\u017ea<\/span><\/p>\n<\/div>\n<\/div>\n<\/div>\n<div id class=\"brz-css-r_R2s brz-css-jfQj6 brz-wrapper frag-overlay\">\n<div class=\"brz-image brz-css-rlwQv\" data-brz-custom-id=\"pqmwjhdhfzuuwtvcvxipjbqndcyrqgavuqig\"><img decoding=\"async\" class=\"brz-img\" src=\"https:\/\/i0.wp.com\/frag.hr\/wp-content\/uploads\/brizy\/imgs\/staklo-342x137x0x0x342x137x1617122386.jpg?ssl=1\" alt=\"\" loading=\"lazy\" data-recalc-dims=\"1\"><\/div>\n<\/div>\n<\/div>\n<\/div>\n<div class=\"brz-columns brz-css-sqsyN brz-css-ixaDf\" data-brz-custom-id=\"qmyvvunqgosdyxfglmupdpelumtnjmnsbhsw\">\n<div class=\"brz-bg\"><\/div>\n<div class=\"brz-column__items brz-css-beWtT\">\n<div id class=\"brz-css-r_R2s brz-wrapper\">\n<div class=\"brz-rich-text brz-rich-text__custom brz-css-eECI5\" data-brz-custom-id=\"rxurewgvzxfkcilblvfeigxkgpnmuwfsenwz\">\n<div data-brz-translate-text=\"1\">\n<p class=\"brz-text-lg-center brz-tp-heading4 brz-css-sjd0e\"><span class=\"brz-cp-color5\">PET ambala\u017ea<\/span><\/p>\n<\/div>\n<\/div>\n<\/div>\n<div id class=\"brz-css-r_R2s brz-css-bVp_5 brz-wrapper frag-overlay\">\n<div class=\"brz-image brz-css-wVdf0\" data-brz-custom-id=\"iiknetdvbduuttkfpwgciabmhtqwzdduxury\"><img decoding=\"async\" class=\"brz-img\" src=\"https:\/\/i0.wp.com\/frag.hr\/wp-content\/uploads\/brizy\/imgs\/pet-342x137x0x0x342x137x1617122385.jpg?ssl=1\" alt=\"\" loading=\"lazy\" data-recalc-dims=\"1\"><\/div>\n<\/div>\n<\/div>\n<\/div>\n<div class=\"brz-columns brz-css-sqsyN brz-css-yM3XH\" data-brz-custom-id=\"orshrbsoglndlqlzdowaxojgftkujhbojnpk\">\n<div class=\"brz-bg\"><\/div>\n<div class=\"brz-column__items brz-css-beWtT\">\n<div id class=\"brz-css-r_R2s brz-wrapper\">\n<div class=\"brz-rich-text brz-rich-text__custom brz-css-eECI5\" data-brz-custom-id=\"blktwzktmtxlmccdxbikvdzgfryjuwgznzad\">\n<div data-brz-translate-text=\"1\">\n<p class=\"brz-tp-heading4 brz-text-lg-center brz-css-aTZLI\"><span class=\"brz-cp-color5\">limena ambala\u017ea<\/span><\/p>\n<\/div>\n<\/div>\n<\/div>\n<div id class=\"brz-css-r_R2s brz-css-k9_ss brz-wrapper frag-overlay\">\n<div class=\"brz-image brz-css-yez5l\" data-brz-custom-id=\"ngqrvhaqgvlkczxzhemfxzavhnieajzdkbcs\"><img decoding=\"async\" class=\"brz-img\" src=\"https:\/\/i0.wp.com\/frag.hr\/wp-content\/uploads\/brizy\/imgs\/lim-343x137x0x0x343x137x1617122377.jpg?ssl=1\" alt=\"\" loading=\"lazy\" data-recalc-dims=\"1\"><\/div>\n<\/div>\n<\/div>\n<\/div>\n<\/div>\n<\/div>\n<div id class=\"brz-css-r_R2s brz-css-wWHMl brz-wrapper\">\n<div class=\"brz-spacer brz-css-l1qtl brz-css-ysxLI\"><\/div>\n<\/div>\n<div id class=\"brz-css-r_R2s brz-wrapper\">\n<div class=\"brz-rich-text brz-rich-text__custom brz-css-eECI5\" data-brz-custom-id=\"ikwwcdyamerscdmamllvznqwrvguighjajiw\">\n<div data-brz-translate-text=\"1\">\n<p class=\"brz-text-lg-center brz-mb-lg-22 brz-ls-lg-3 brz-ls-sm-im-3 brz-ls-xs-im-3 brz-ff-cabin brz-ft-google brz-fw-lg-700 brz-fw-sm-im-700 brz-fw-xs-im-700 brz-lh-lg-1 brz-lh-sm-im-1 brz-lh-xs-im-1 brz-fs-lg-44 brz-fs-sm-im-37 brz-fs-xs-im-31 brz-css-zgncn\"><span class=\"brz-cp-color5\">LJEPILA ZA PAKIRANJE<\/span><\/p>\n<\/div>\n<\/div>\n<\/div>\n<div class=\"brz-row__container brz-css-dcLNp brz-css-da3t7\" data-brz-custom-id=\"bkwepoonhpivvjazwrhgkvtaimysqhwlvvbh\">\n<div class=\"brz-bg\">\n<div class=\"brz-bg-color\"><\/div>\n<\/div>\n<div class=\"brz-row brz-css-iouSQ brz-css-psOHH\">\n<div class=\"brz-columns brz-css-sqsyN brz-css-bAZor\" data-brz-custom-id=\"ibzznwwoppnbjhqoorddbfqswwqffmnbeefj\">\n<div class=\"brz-column__items brz-css-beWtT\">\n<div id class=\"brz-css-r_R2s brz-wrapper\">\n<div class=\"brz-rich-text brz-rich-text__custom brz-css-eECI5\" data-brz-custom-id=\"jxtjuoxasglprdoppodnxjgpoluhcwkszbyg\">\n<div data-brz-translate-text=\"1\">\n<p class=\"brz-tp-heading4 brz-text-lg-center brz-css-fPyow\"><span class=\"brz-cp-color2\">tobacco industrija<\/span><\/p>\n<\/div>\n<\/div>\n<\/div>\n<div id class=\"brz-css-r_R2s brz-css-tOyCn brz-wrapper frag-overlay\">\n<div class=\"brz-image brz-css-kPlGD\" data-brz-custom-id=\"znyikamoyseehysqearhnsiulqnzvjfglijc\"><img decoding=\"async\" class=\"brz-img\" src=\"https:\/\/i0.wp.com\/frag.hr\/wp-content\/uploads\/brizy\/imgs\/tobacco-342x137x0x0x342x137x1617122387.jpg?ssl=1\" alt=\"\" loading=\"lazy\" data-recalc-dims=\"1\"><\/div>\n<\/div>\n<\/div>\n<\/div>\n<div class=\"brz-columns brz-css-sqsyN brz-css-eHnBu\" data-brz-custom-id=\"rsxnnxbugvegvhrvtpqbjupkyhxoaaqvkzmw\">\n<div class=\"brz-bg\"><\/div>\n<div class=\"brz-column__items brz-css-beWtT\">\n<div id class=\"brz-css-r_R2s brz-wrapper\">\n<div class=\"brz-rich-text brz-rich-text__custom brz-css-eECI5\" data-brz-custom-id=\"raomgltcytbrxjqbwecxfglkvwiujumzqotu\">\n<div data-brz-translate-text=\"1\">\n<p class=\"brz-tp-heading4 brz-text-lg-center brz-css-fRK1K\"><span class=\"brz-cp-color2\">papirnata konfekcija<\/span><\/p>\n<\/div>\n<\/div>\n<\/div>\n<div id class=\"brz-css-r_R2s brz-css-dinl8 brz-wrapper frag-overlay\">\n<div class=\"brz-image brz-css-sO8ph\" data-brz-custom-id=\"ntucxxrcndmqzfiwjfywjcmhmermbzhzgtri\"><img decoding=\"async\" class=\"brz-img\" src=\"https:\/\/i0.wp.com\/frag.hr\/wp-content\/uploads\/brizy\/imgs\/papir-342x137x0x0x342x137x1617122380.jpg?ssl=1\" alt=\"\" loading=\"lazy\" data-recalc-dims=\"1\"><\/div>\n<\/div>\n<\/div>\n<\/div>\n<div class=\"brz-columns brz-css-sqsyN brz-css-v3svr\" data-brz-custom-id=\"bwzbuptlmlkvmkhbpuuracxkpvakagoiwkoo\">\n<div class=\"brz-bg\"><\/div>\n<div class=\"brz-column__items brz-css-beWtT\">\n<div id class=\"brz-css-r_R2s brz-wrapper\">\n<div class=\"brz-rich-text brz-rich-text__custom brz-css-eECI5\" data-brz-custom-id=\"pqtgmfbheluvwneqwnuocmhcwtyyjyytpvot\">\n<div data-brz-translate-text=\"1\">\n<p class=\"brz-tp-heading4 brz-text-lg-center brz-css-bJHH9\"><span class=\"brz-cp-color2\">higijenski proizvodi<\/span><\/p>\n<\/div>\n<\/div>\n<\/div>\n<div id class=\"brz-css-r_R2s brz-css-nd4cA brz-wrapper frag-overlay\">\n<div class=\"brz-image brz-css-gnF1w\" data-brz-custom-id=\"ffgnmsilhtxqsaqwwmhekhiaedyoescaprgv\"><img decoding=\"async\" class=\"brz-img\" src=\"https:\/\/i0.wp.com\/frag.hr\/wp-content\/uploads\/brizy\/imgs\/higijena-343x137x0x0x343x137x1617122372.jpg?ssl=1\" alt=\"\" loading=\"lazy\" data-recalc-dims=\"1\"><\/div>\n<\/div>\n<\/div>\n<\/div>\n<\/div>\n<\/div>\n<div id class=\"brz-css-r_R2s brz-css-wWHMl brz-wrapper\">\n<div class=\"brz-spacer brz-css-l1qtl brz-css-fKX8x\"><\/div>\n<\/div>\n<div id class=\"brz-css-r_R2s brz-wrapper\">\n<div class=\"brz-rich-text brz-rich-text__custom brz-css-eECI5\" data-brz-custom-id=\"tpmpxlksnfvlbortbgrvavfcjvjntjnbrnts\">\n<div data-brz-translate-text=\"1\">\n<p class=\"brz-text-lg-center brz-mb-lg-22 brz-ls-lg-3 brz-ls-sm-im-3 brz-ls-xs-im-3 brz-ff-cabin brz-ft-google brz-fw-lg-700 brz-fw-sm-im-700 brz-fw-xs-im-700 brz-lh-lg-1 brz-lh-sm-im-1 brz-lh-xs-im-1 brz-fs-lg-44 brz-fs-sm-im-37 brz-fs-xs-im-31 brz-css-uIj4C\"><span class=\"brz-cp-color3\">LJEPILA ZA OSTALE NAMJENE<\/span><\/p>\n<\/div>\n<\/div>\n<\/div>\n<div class=\"brz-row__container brz-css-dcLNp brz-css-xNfN0\" data-brz-custom-id=\"peprhpnwzvocsngzuejlptzuylikjivyxgme\">\n<div class=\"brz-bg\">\n<div class=\"brz-bg-color\"><\/div>\n<\/div>\n<div class=\"brz-row brz-css-iouSQ brz-css-ip6tW\">\n<div class=\"brz-columns brz-css-sqsyN brz-css-mjVZf\" data-brz-custom-id=\"vdtlmfmrktumiifmauartdarszlukoordygs\">\n<div class=\"brz-bg\"><\/div>\n<div class=\"brz-column__items brz-css-beWtT\">\n<div id class=\"brz-css-r_R2s brz-wrapper\">\n<div class=\"brz-rich-text brz-rich-text__custom brz-css-eECI5\" data-brz-custom-id=\"koxhybqdqwniahzourclvvsttyapxktcgkaf\">\n<div data-brz-translate-text=\"1\">\n<p class=\"brz-text-lg-center brz-tp-heading4 brz-css-rghyl\"><span class=\"brz-cp-color8\">parketi<\/span><\/p>\n<\/div>\n<\/div>\n<\/div>\n<div id class=\"brz-css-r_R2s brz-css-dCowv brz-wrapper frag-overlay\">\n<div class=\"brz-image brz-css-pzktJ\" data-brz-custom-id=\"newctobswaeboibjmxfcesgegbyqkiyrcodp\"><img decoding=\"async\" class=\"brz-img\" src=\"https:\/\/i0.wp.com\/frag.hr\/wp-content\/uploads\/brizy\/imgs\/parketi-342x137x0x0x342x137x1617122382.jpg?ssl=1\" alt=\"\" loading=\"lazy\" data-recalc-dims=\"1\"><\/div>\n<\/div>\n<\/div>\n<\/div>\n<div class=\"brz-columns brz-css-sqsyN brz-css-hBswx\" data-brz-custom-id=\"jibdxojkmlsnimhetjnyfsgqrwnxsrhpgequ\">\n<div class=\"brz-bg\"><\/div>\n<div class=\"brz-column__items brz-css-beWtT\">\n<div id class=\"brz-css-r_R2s brz-wrapper\">\n<div class=\"brz-rich-text brz-rich-text__custom brz-css-eECI5\" data-brz-custom-id=\"sllcozidqzeuxphyfkgnpifqyuhkjsvfwgpe\">\n<div data-brz-translate-text=\"1\">\n<p class=\"brz-tp-heading4 brz-text-lg-center brz-css-dDkKr\"><span class=\"brz-cp-color8\">knjigoveza\u0161tvo<\/span><\/p>\n<\/div>\n<\/div>\n<\/div>\n<div id class=\"brz-css-r_R2s brz-css-p7HFZ brz-wrapper frag-overlay\">\n<div class=\"brz-image brz-css-abmv8\" data-brz-custom-id=\"sdjrfaobhqtazsqefymnnbfoceslogekronk\"><img decoding=\"async\" class=\"brz-img\" src=\"https:\/\/i0.wp.com\/frag.hr\/wp-content\/uploads\/brizy\/imgs\/knjige-342x137x0x0x342x137x1617122375.jpg?ssl=1\" alt=\"\" loading=\"lazy\" data-recalc-dims=\"1\"><\/div>\n<\/div>\n<\/div>\n<\/div>\n<div class=\"brz-columns brz-css-sqsyN brz-css-aYvur\" data-brz-custom-id=\"gvcuhhzfartzkltifnpzdcuknmsktwineksy\">\n<div class=\"brz-bg\"><\/div>\n<div class=\"brz-column__items brz-css-beWtT\">\n<div id class=\"brz-css-r_R2s brz-wrapper\">\n<div class=\"brz-rich-text brz-rich-text__custom brz-css-eECI5\" data-brz-custom-id=\"kavcctlekyxyvovhzztyeyhorlcvlvtsvmde\">\n<div data-brz-translate-text=\"1\">\n<p class=\"brz-text-lg-center brz-tp-heading4 brz-css-gjwZF\"><em class=\"brz-cp-color8\">slobodno nas kontaktirajte za sve informacije koje su vam potrebne<\/em><\/p>\n<\/div>\n<\/div>\n<\/div>\n<div class=\"brz-wrapper-clone brz-css-m2fa8 brz-css-pi19r\">\n<div class=\"brz-d-xs-flex brz-flex-xs-wrap brz-css-iVeUq\" data-brz-custom-id>\n<div class=\"brz-wrapper-clone__item\" id=\"dxygacczicpruvcnrdemahmjdijptboogerc\"><a class=\"brz-a brz-btn brz-css-lZhYY brz-css-wHgg4\" href=\"https:\/\/frag.hr\/en\/kontakt\/\" target=\"_self\" rel=\"noopener\" data-brz-link-type=\"external\" data-brz-custom-id=\"dxygacczicpruvcnrdemahmjdijptboogerc\"><span data-brz-translate-text=\"1\" class=\"brz-span brz-text__editor\">KONTAKT<\/span><\/a><\/div>\n<\/div>\n<\/div>\n<\/div>\n<\/div>\n<\/div>\n<\/div>\n<\/div>\n<\/div>\n<\/section>\n<section id=\"vgfjylxbrgtubjanhupdwspdplrvsyfywbco\" class=\"brz-section brz-css-t9E1L\">\n<div class=\"brz-section__content brz-section--boxed brz-css-jFvvq brz-css-u3bSU\" data-brz-custom-id=\"uehxazaaihghomowwupkoemkzunlwlszjxry\">\n<div class=\"brz-bg\">\n<div class=\"brz-bg-color\"><\/div>\n<\/div>\n<div class=\"brz-container brz-css-zWw8a\">\n<div class=\"brz-row__container brz-css-dcLNp\" data-brz-custom-id=\"iquipznzfhplkhemjlrcrzjnzdvnsrlhubqs\">\n<div class=\"brz-bg\"><\/div>\n<div class=\"brz-row brz-css-iouSQ brz-css-pBlgm\">\n<div class=\"brz-columns brz-css-sqsyN brz-css-lJgY9\" data-brz-custom-id=\"hzjmjotgpxpoznrpucwgpozkhhqnpunbzeai\">\n<div class=\"brz-bg\"><\/div>\n<div class=\"brz-column__items brz-css-beWtT\">\n<div id class=\"brz-css-r_R2s brz-css-mWivC brz-wrapper\">\n<div class=\"brz-rich-text brz-rich-text__custom brz-css-eECI5\" data-brz-custom-id=\"uhpvreimdxreutoutfcrqnkpwbevlmgvzbfl\">\n<div data-brz-translate-text=\"1\">\n<p class=\"brz-fw-xs-im-300 brz-fw-sm-im-300 brz-fw-lg-300 brz-ft-google brz-ff-cabin brz-ls-xs-im-0 brz-ls-sm-im-0 brz-ls-lg-0 brz-fs-xs-im-11 brz-fs-sm-im-11 brz-fs-lg-12 brz-lh-xs-im-1_6 brz-lh-sm-im-1_6 brz-lh-lg-1_6 brz-mb-lg-0 brz-text-lg-center brz-css-tLad5\"><span class=\"brz-cp-color3\">Projekt je sufinanancirala Europska unija iz programa Pobolj\u0161anje konkurentnosti i u\u010dinkovitosti MSP kroz informacijske i komunikacijske tehnologije (IKT) \u2013 2:&nbsp;<\/span><strong class=\"brz-cp-color3\">KK.03.2.1.19<\/strong><\/p>\n<\/div>\n<\/div>\n<\/div>\n<div id class=\"brz-css-r_R2s brz-wrapper\">\n<div class=\"brz-image brz-css-qd49O brz-css-wGeel\" data-brz-custom-id=\"jdohvkmqwcfbuunughgnrnzpceecjlggufux\"><img decoding=\"async\" class=\"brz-img\" src=\"https:\/\/i0.wp.com\/frag.hr\/wp-content\/uploads\/brizy\/imgs\/eu-fondovi-horiz-500x62x0x0x500x62x1615202189.png?ssl=1\" alt=\"\" loading=\"lazy\" data-recalc-dims=\"1\"><\/div>\n<\/div>\n<\/div>\n<\/div>\n<\/div>\n<\/div>\n<\/div>\n<\/div>\n<\/section>\n<\/div>\n<p>    <!-- version:1713284624 --><\/p>","protected":false},"excerpt":{"rendered":"<p>Frag d.o.o nudi kompletan asortiman ljepila za sve industrijske potrebe, prije svega u industriji hrane i pi\u0107a te za pakiranje i primjenu u gra\u0111evini. LJEPILA ZA ETIKETIRANJE staklena ambala\u017ea PET ambala\u017ea limena ambala\u017ea LJEPILA ZA PAKIRANJE tobacco industrija papirnata konfekcija higijenski proizvodi LJEPILA ZA OSTALE NAMJENE parketi knjigoveza\u0161tvo slobodno nas kontaktirajte za sve informacije koje [&hellip;]<\/p>","protected":false},"author":1,"featured_media":0,"parent":0,"menu_order":0,"comment_status":"closed","ping_status":"closed","template":"","meta":{"_monsterinsights_skip_tracking":false,"_monsterinsights_sitenote_active":false,"_monsterinsights_sitenote_note":"","_monsterinsights_sitenote_category":0,"site-sidebar-layout":"default","site-content-layout":"default","ast-site-content-layout":"","site-content-style":"default","site-sidebar-style":"default","ast-global-header-display":"","ast-banner-title-visibility":"","ast-main-header-display":"","ast-hfb-above-header-display":"","ast-hfb-below-header-display":"","ast-hfb-mobile-header-display":"","site-post-title":"disabled","ast-breadcrumbs-content":"","ast-featured-img":"","footer-sml-layout":"","theme-transparent-header-meta":"default","adv-header-id-meta":"","stick-header-meta":"","header-above-stick-meta":"","header-main-stick-meta":"","header-below-stick-meta":"","astra-migrate-meta-layouts":"default","ast-page-background-enabled":"default","ast-page-background-meta":{"desktop":{"background-color":"","background-image":"","background-repeat":"repeat","background-position":"center center","background-size":"auto","background-attachment":"scroll","background-type":"","background-media":"","overlay-type":"","overlay-color":"","overlay-gradient":""},"tablet":{"background-color":"","background-image":"","background-repeat":"repeat","background-position":"center center","background-size":"auto","background-attachment":"scroll","background-type":"","background-media":"","overlay-type":"","overlay-color":"","overlay-gradient":""},"mobile":{"background-color":"","background-image":"","background-repeat":"repeat","background-position":"center center","background-size":"auto","background-attachment":"scroll","background-type":"","background-media":"","overlay-type":"","overlay-color":"","overlay-gradient":""}},"ast-content-background-meta":{"desktop":{"background-color":"var(--ast-global-color-5)","background-image":"","background-repeat":"repeat","background-position":"center center","background-size":"auto","background-attachment":"scroll","background-type":"","background-media":"","overlay-type":"","overlay-color":"","overlay-gradient":""},"tablet":{"background-color":"var(--ast-global-color-5)","background-image":"","background-repeat":"repeat","background-position":"center center","background-size":"auto","background-attachment":"scroll","background-type":"","background-media":"","overlay-type":"","overlay-color":"","overlay-gradient":""},"mobile":{"background-color":"var(--ast-global-color-5)","background-image":"","background-repeat":"repeat","background-position":"center center","background-size":"auto","background-attachment":"scroll","background-type":"","background-media":"","overlay-type":"","overlay-color":"","overlay-gradient":""}},"footnotes":""},"yoast_head":"<!-- This site is optimized with the Yoast SEO plugin v22.5 - https:\/\/yoast.com\/wordpress\/plugins\/seo\/ -->\n<title>PRIMJENE - Frag<\/title>\n<meta name=\"robots\" content=\"index, follow, max-snippet:-1, max-image-preview:large, max-video-preview:-1\" \/>\n<link rel=\"canonical\" href=\"https:\/\/frag.hr\/en\/primjene\/\" \/>\n<meta property=\"og:locale\" content=\"en_GB\" \/>\n<meta property=\"og:type\" content=\"article\" \/>\n<meta property=\"og:title\" content=\"PRIMJENE - Frag\" \/>\n<meta property=\"og:description\" content=\"Frag d.o.o nudi kompletan asortiman ljepila za sve industrijske potrebe, prije svega u industriji hrane i pi\u0107a te za pakiranje i primjenu u gra\u0111evini. LJEPILA ZA ETIKETIRANJE staklena ambala\u017ea PET ambala\u017ea limena ambala\u017ea LJEPILA ZA PAKIRANJE tobacco industrija papirnata konfekcija higijenski proizvodi LJEPILA ZA OSTALE NAMJENE parketi knjigoveza\u0161tvo slobodno nas kontaktirajte za sve informacije koje [&hellip;]\" \/>\n<meta property=\"og:url\" content=\"https:\/\/frag.hr\/en\/primjene\/\" \/>\n<meta property=\"og:site_name\" content=\"Frag\" \/>\n<meta property=\"article:modified_time\" content=\"2024-04-16T16:23:44+00:00\" \/>\n<meta property=\"og:image\" content=\"https:\/\/frag.hr\/wp-content\/uploads\/brizy\/imgs\/staklo-342x137x0x0x342x137x1617122386.jpg\" \/>\n<meta name=\"twitter:card\" content=\"summary_large_image\" \/>\n<script type=\"application\/ld+json\" class=\"yoast-schema-graph\">{\"@context\":\"https:\/\/schema.org\",\"@graph\":[{\"@type\":\"WebPage\",\"@id\":\"https:\/\/frag.hr\/primjene\/\",\"url\":\"https:\/\/frag.hr\/primjene\/\",\"name\":\"PRIMJENE - Frag\",\"isPartOf\":{\"@id\":\"https:\/\/frag.hr\/#website\"},\"primaryImageOfPage\":{\"@id\":\"https:\/\/frag.hr\/primjene\/#primaryimage\"},\"image\":{\"@id\":\"https:\/\/frag.hr\/primjene\/#primaryimage\"},\"thumbnailUrl\":\"https:\/\/frag.hr\/wp-content\/uploads\/brizy\/imgs\/staklo-342x137x0x0x342x137x1617122386.jpg\",\"datePublished\":\"2021-02-28T10:37:24+00:00\",\"dateModified\":\"2024-04-16T16:23:44+00:00\",\"breadcrumb\":{\"@id\":\"https:\/\/frag.hr\/primjene\/#breadcrumb\"},\"inLanguage\":\"en-GB\",\"potentialAction\":[{\"@type\":\"ReadAction\",\"target\":[\"https:\/\/frag.hr\/primjene\/\"]}]},{\"@type\":\"ImageObject\",\"inLanguage\":\"en-GB\",\"@id\":\"https:\/\/frag.hr\/primjene\/#primaryimage\",\"url\":\"https:\/\/frag.hr\/wp-content\/uploads\/brizy\/imgs\/staklo-342x137x0x0x342x137x1617122386.jpg\",\"contentUrl\":\"https:\/\/frag.hr\/wp-content\/uploads\/brizy\/imgs\/staklo-342x137x0x0x342x137x1617122386.jpg\"},{\"@type\":\"BreadcrumbList\",\"@id\":\"https:\/\/frag.hr\/primjene\/#breadcrumb\",\"itemListElement\":[{\"@type\":\"ListItem\",\"position\":1,\"name\":\"Po\u010detna stranica\",\"item\":\"https:\/\/frag.hr\/\"},{\"@type\":\"ListItem\",\"position\":2,\"name\":\"PRIMJENE\"}]},{\"@type\":\"WebSite\",\"@id\":\"https:\/\/frag.hr\/#website\",\"url\":\"https:\/\/frag.hr\/\",\"name\":\"Frag\",\"description\":\"Stick together\",\"publisher\":{\"@id\":\"https:\/\/frag.hr\/#organization\"},\"potentialAction\":[{\"@type\":\"SearchAction\",\"target\":{\"@type\":\"EntryPoint\",\"urlTemplate\":\"https:\/\/frag.hr\/?s={search_term_string}\"},\"query-input\":\"required name=search_term_string\"}],\"inLanguage\":\"en-GB\"},{\"@type\":\"Organization\",\"@id\":\"https:\/\/frag.hr\/#organization\",\"name\":\"Frag\",\"url\":\"https:\/\/frag.hr\/\",\"logo\":{\"@type\":\"ImageObject\",\"inLanguage\":\"en-GB\",\"@id\":\"https:\/\/frag.hr\/#\/schema\/logo\/image\/\",\"url\":\"https:\/\/frag.hr\/wp-content\/uploads\/frag-en.png\",\"contentUrl\":\"https:\/\/frag.hr\/wp-content\/uploads\/frag-en.png\",\"width\":311,\"height\":80,\"caption\":\"Frag\"},\"image\":{\"@id\":\"https:\/\/frag.hr\/#\/schema\/logo\/image\/\"}}]}<\/script>\n<!-- \/ Yoast SEO plugin. -->","yoast_head_json":{"title":"PRIMJENE - Frag","robots":{"index":"index","follow":"follow","max-snippet":"max-snippet:-1","max-image-preview":"max-image-preview:large","max-video-preview":"max-video-preview:-1"},"canonical":"https:\/\/frag.hr\/en\/primjene\/","og_locale":"en_GB","og_type":"article","og_title":"PRIMJENE - Frag","og_description":"Frag d.o.o nudi kompletan asortiman ljepila za sve industrijske potrebe, prije svega u industriji hrane i pi\u0107a te za pakiranje i primjenu u gra\u0111evini. LJEPILA ZA ETIKETIRANJE staklena ambala\u017ea PET ambala\u017ea limena ambala\u017ea LJEPILA ZA PAKIRANJE tobacco industrija papirnata konfekcija higijenski proizvodi LJEPILA ZA OSTALE NAMJENE parketi knjigoveza\u0161tvo slobodno nas kontaktirajte za sve informacije koje [&hellip;]","og_url":"https:\/\/frag.hr\/en\/primjene\/","og_site_name":"Frag","article_modified_time":"2024-04-16T16:23:44+00:00","og_image":[{"url":"https:\/\/frag.hr\/wp-content\/uploads\/brizy\/imgs\/staklo-342x137x0x0x342x137x1617122386.jpg"}],"twitter_card":"summary_large_image","schema":{"@context":"https:\/\/schema.org","@graph":[{"@type":"WebPage","@id":"https:\/\/frag.hr\/primjene\/","url":"https:\/\/frag.hr\/primjene\/","name":"PRIMJENE - Frag","isPartOf":{"@id":"https:\/\/frag.hr\/#website"},"primaryImageOfPage":{"@id":"https:\/\/frag.hr\/primjene\/#primaryimage"},"image":{"@id":"https:\/\/frag.hr\/primjene\/#primaryimage"},"thumbnailUrl":"https:\/\/frag.hr\/wp-content\/uploads\/brizy\/imgs\/staklo-342x137x0x0x342x137x1617122386.jpg","datePublished":"2021-02-28T10:37:24+00:00","dateModified":"2024-04-16T16:23:44+00:00","breadcrumb":{"@id":"https:\/\/frag.hr\/primjene\/#breadcrumb"},"inLanguage":"en-GB","potentialAction":[{"@type":"ReadAction","target":["https:\/\/frag.hr\/primjene\/"]}]},{"@type":"ImageObject","inLanguage":"en-GB","@id":"https:\/\/frag.hr\/primjene\/#primaryimage","url":"https:\/\/frag.hr\/wp-content\/uploads\/brizy\/imgs\/staklo-342x137x0x0x342x137x1617122386.jpg","contentUrl":"https:\/\/frag.hr\/wp-content\/uploads\/brizy\/imgs\/staklo-342x137x0x0x342x137x1617122386.jpg"},{"@type":"BreadcrumbList","@id":"https:\/\/frag.hr\/primjene\/#breadcrumb","itemListElement":[{"@type":"ListItem","position":1,"name":"Po\u010detna stranica","item":"https:\/\/frag.hr\/"},{"@type":"ListItem","position":2,"name":"PRIMJENE"}]},{"@type":"WebSite","@id":"https:\/\/frag.hr\/#website","url":"https:\/\/frag.hr\/","name":"Frag","description":"Stick together","publisher":{"@id":"https:\/\/frag.hr\/#organization"},"potentialAction":[{"@type":"SearchAction","target":{"@type":"EntryPoint","urlTemplate":"https:\/\/frag.hr\/?s={search_term_string}"},"query-input":"required name=search_term_string"}],"inLanguage":"en-GB"},{"@type":"Organization","@id":"https:\/\/frag.hr\/#organization","name":"Frag","url":"https:\/\/frag.hr\/","logo":{"@type":"ImageObject","inLanguage":"en-GB","@id":"https:\/\/frag.hr\/#\/schema\/logo\/image\/","url":"https:\/\/frag.hr\/wp-content\/uploads\/frag-en.png","contentUrl":"https:\/\/frag.hr\/wp-content\/uploads\/frag-en.png","width":311,"height":80,"caption":"Frag"},"image":{"@id":"https:\/\/frag.hr\/#\/schema\/logo\/image\/"}}]}},"jetpack_sharing_enabled":true,"_links":{"self":[{"href":"https:\/\/frag.hr\/en\/wp-json\/wp\/v2\/pages\/299"}],"collection":[{"href":"https:\/\/frag.hr\/en\/wp-json\/wp\/v2\/pages"}],"about":[{"href":"https:\/\/frag.hr\/en\/wp-json\/wp\/v2\/types\/page"}],"author":[{"embeddable":true,"href":"https:\/\/frag.hr\/en\/wp-json\/wp\/v2\/users\/1"}],"replies":[{"embeddable":true,"href":"https:\/\/frag.hr\/en\/wp-json\/wp\/v2\/comments?post=299"}],"version-history":[{"count":19,"href":"https:\/\/frag.hr\/en\/wp-json\/wp\/v2\/pages\/299\/revisions"}],"predecessor-version":[{"id":2259,"href":"https:\/\/frag.hr\/en\/wp-json\/wp\/v2\/pages\/299\/revisions\/2259"}],"wp:attachment":[{"href":"https:\/\/frag.hr\/en\/wp-json\/wp\/v2\/media?parent=299"}],"curies":[{"name":"wp","href":"https:\/\/api.w.org\/{rel}","templated":true}]}}